{"id":131,"date":"2024-04-21T16:11:45","date_gmt":"2024-04-21T14:11:45","guid":{"rendered":"https:\/\/mitdemenzleben.org\/wordpress\/?page_id=131"},"modified":"2025-07-13T20:55:13","modified_gmt":"2025-07-13T18:55:13","slug":"wg-bueschelstrasse","status":"publish","type":"page","link":"https:\/\/mitdemenzleben.org\/index.php\/wg-bueschelstrasse\/","title":{"rendered":"WG B\u00fcschelstrasse"},"content":{"rendered":"\n<p>Die Wohngemeinschaft B\u00fcschelstrasse in Darmstadt-Eberstadt ist eine von den Angeh\u00f6rigen gef\u00fchrte, ambulant betreute Wohngemeinschaft (WG) f\u00fcr Menschen, die an Demenz erkrankt sind. <\/p>\n\n\n\n<p>In unserer Wohngemeinschaft leben aktuell zehn Menschen. Sie erfahren hier die Geborgenheit eines eigenen Zuhause und gleichzeitig die Geselligkeit einer famili\u00e4ren Gemeinschaft.<\/p>\n\n\n\n<p>Kochen, gemeinsam essen und andere allt\u00e4gliche Aktivit\u00e4ten bieten den Bewohner*innen eine stabile Tagesstruktur und f\u00f6rdern ihre verbliebenen F\u00e4higkeiten. Unterst\u00fctzt werden sie dabei von ihren Angeh\u00f6rigen, einer Koordinatorin und einem ambulanten Pflege- und Betreuungsdienst.<\/p>\n\n\n\n<div class=\"wp-block-columns is-layout-flex wp-container-core-columns-is-layout-9d6595d7 wp-block-columns-is-layout-flex\">\n<div class=\"wp-block-column is-layout-flow wp-block-column-is-layout-flow\" style=\"flex-basis:100%\">\n<figure class=\"wp-block-gallery has-nested-images columns-default is-cropped wp-block-gallery-1 is-layout-flex wp-block-gallery-is-layout-flex\">\n<figure class=\"wp-block-image size-large\"><img loading=\"lazy\" decoding=\"async\" width=\"1024\" height=\"683\" data-id=\"51\" src=\"https:\/\/mitdemenzleben.org\/wordpress\/wp-content\/uploads\/2024\/04\/6_noch_ohne_Freigabe_IMG_7331-1024x683.jpg\" alt=\"\" class=\"wp-image-51\" srcset=\"https:\/\/mitdemenzleben.org\/wp-content\/uploads\/2024\/04\/6_noch_ohne_Freigabe_IMG_7331-1024x683.jpg 1024w, https:\/\/mitdemenzleben.org\/wp-content\/uploads\/2024\/04\/6_noch_ohne_Freigabe_IMG_7331-300x200.jpg 300w, https:\/\/mitdemenzleben.org\/wp-content\/uploads\/2024\/04\/6_noch_ohne_Freigabe_IMG_7331-768x512.jpg 768w, https:\/\/mitdemenzleben.org\/wp-content\/uploads\/2024\/04\/6_noch_ohne_Freigabe_IMG_7331-1536x1024.jpg 1536w, https:\/\/mitdemenzleben.org\/wp-content\/uploads\/2024\/04\/6_noch_ohne_Freigabe_IMG_7331-2048x1365.jpg 2048w\" sizes=\"auto, (max-width: 1024px) 100vw, 1024px\" \/><\/figure>\n\n\n\n<figure class=\"wp-block-image size-large\"><img loading=\"lazy\" decoding=\"async\" width=\"1024\" height=\"683\" data-id=\"134\" src=\"https:\/\/mitdemenzleben.org\/wordpress\/wp-content\/uploads\/2024\/04\/2_IMG_7307-1024x683.jpg\" alt=\"\" class=\"wp-image-134\" srcset=\"https:\/\/mitdemenzleben.org\/wp-content\/uploads\/2024\/04\/2_IMG_7307-1024x683.jpg 1024w, https:\/\/mitdemenzleben.org\/wp-content\/uploads\/2024\/04\/2_IMG_7307-300x200.jpg 300w, https:\/\/mitdemenzleben.org\/wp-content\/uploads\/2024\/04\/2_IMG_7307-768x512.jpg 768w, https:\/\/mitdemenzleben.org\/wp-content\/uploads\/2024\/04\/2_IMG_7307-1536x1024.jpg 1536w, https:\/\/mitdemenzleben.org\/wp-content\/uploads\/2024\/04\/2_IMG_7307-2048x1365.jpg 2048w\" sizes=\"auto, (max-width: 1024px) 100vw, 1024px\" \/><\/figure>\n\n\n\n<figure class=\"wp-block-image size-large\"><img loading=\"lazy\" decoding=\"async\" width=\"1024\" height=\"683\" data-id=\"80\" src=\"https:\/\/mitdemenzleben.org\/wordpress\/wp-content\/uploads\/2024\/04\/5_IMG_7315-1024x683.jpg\" alt=\"\" class=\"wp-image-80\" srcset=\"https:\/\/mitdemenzleben.org\/wp-content\/uploads\/2024\/04\/5_IMG_7315-1024x683.jpg 1024w, https:\/\/mitdemenzleben.org\/wp-content\/uploads\/2024\/04\/5_IMG_7315-300x200.jpg 300w, https:\/\/mitdemenzleben.org\/wp-content\/uploads\/2024\/04\/5_IMG_7315-768x512.jpg 768w, https:\/\/mitdemenzleben.org\/wp-content\/uploads\/2024\/04\/5_IMG_7315-1536x1024.jpg 1536w, https:\/\/mitdemenzleben.org\/wp-content\/uploads\/2024\/04\/5_IMG_7315-2048x1365.jpg 2048w\" sizes=\"auto, (max-width: 1024px) 100vw, 1024px\" \/><\/figure>\n<\/figure>\n<\/div>\n<\/div>\n\n\n\n<p>Gerne laden wir Sie zu einem Besuch in unsere WG ein. Wenn Sie m\u00f6chten, k\u00f6nnen Sie mit uns singen, musizieren, spielen oder einfach etwas vorlesen. Und Sie k\u00f6nnen sich mit anderen Betroffenen austauschen. <\/p>\n\n\n\n<p>Hier k\u00f6nnen Sie gemeinsam mit den hier lebenden Menschen erfahren, dass ein Leben mit Demenz lebenswert sein kann.<\/p>\n\n\n\n<div class=\"wp-block-columns is-layout-flex wp-container-core-columns-is-layout-9d6595d7 wp-block-columns-is-layout-flex\">\n<div class=\"wp-block-column is-layout-flow wp-block-column-is-layout-flow\" style=\"flex-basis:100%\">\n<div class=\"wp-block-columns is-layout-flex wp-container-core-columns-is-layout-9d6595d7 wp-block-columns-is-layout-flex\">\n<div class=\"wp-block-column is-layout-flow wp-block-column-is-layout-flow\" style=\"flex-basis:100%\">\n<figure class=\"wp-block-gallery has-nested-images columns-3 is-cropped wp-block-gallery-2 is-layout-flex wp-block-gallery-is-layout-flex\">\n<figure class=\"wp-block-image size-large\"><img loading=\"lazy\" decoding=\"async\" width=\"1024\" height=\"768\" data-id=\"310\" src=\"https:\/\/mitdemenzleben.org\/wp-content\/uploads\/2025\/07\/kueche_WGB-1024x768.jpg\" alt=\"Blick in die WG-K\u00fcche; im Vordergrund Blumen\" class=\"wp-image-310\" srcset=\"https:\/\/mitdemenzleben.org\/wp-content\/uploads\/2025\/07\/kueche_WGB-1024x768.jpg 1024w, https:\/\/mitdemenzleben.org\/wp-content\/uploads\/2025\/07\/kueche_WGB-300x225.jpg 300w, https:\/\/mitdemenzleben.org\/wp-content\/uploads\/2025\/07\/kueche_WGB-768x576.jpg 768w, https:\/\/mitdemenzleben.org\/wp-content\/uploads\/2025\/07\/kueche_WGB-1536x1152.jpg 1536w, https:\/\/mitdemenzleben.org\/wp-content\/uploads\/2025\/07\/kueche_WGB-2048x1536.jpg 2048w\" sizes=\"auto, (max-width: 1024px) 100vw, 1024px\" \/><\/figure>\n\n\n\n<figure class=\"wp-block-image size-large\"><img loading=\"lazy\" decoding=\"async\" width=\"1024\" height=\"768\" data-id=\"314\" src=\"https:\/\/mitdemenzleben.org\/wp-content\/uploads\/2025\/07\/Garten_WGB-1-1024x768.jpg\" alt=\"Blick \u00fcber den Tisch in den Garten der WG\" class=\"wp-image-314\" srcset=\"https:\/\/mitdemenzleben.org\/wp-content\/uploads\/2025\/07\/Garten_WGB-1-1024x768.jpg 1024w, https:\/\/mitdemenzleben.org\/wp-content\/uploads\/2025\/07\/Garten_WGB-1-300x225.jpg 300w, https:\/\/mitdemenzleben.org\/wp-content\/uploads\/2025\/07\/Garten_WGB-1-768x576.jpg 768w, https:\/\/mitdemenzleben.org\/wp-content\/uploads\/2025\/07\/Garten_WGB-1-1536x1152.jpg 1536w, https:\/\/mitdemenzleben.org\/wp-content\/uploads\/2025\/07\/Garten_WGB-1-2048x1536.jpg 2048w\" sizes=\"auto, (max-width: 1024px) 100vw, 1024px\" \/><\/figure>\n\n\n\n<figure class=\"wp-block-image size-large\"><img loading=\"lazy\" decoding=\"async\" width=\"1024\" height=\"768\" data-id=\"309\" src=\"https:\/\/mitdemenzleben.org\/wp-content\/uploads\/2025\/07\/Wohnraum_WGB-1024x768.jpg\" alt=\"Blick in den Wohn- und Essbereich der WG\" class=\"wp-image-309\" srcset=\"https:\/\/mitdemenzleben.org\/wp-content\/uploads\/2025\/07\/Wohnraum_WGB-1024x768.jpg 1024w, https:\/\/mitdemenzleben.org\/wp-content\/uploads\/2025\/07\/Wohnraum_WGB-300x225.jpg 300w, https:\/\/mitdemenzleben.org\/wp-content\/uploads\/2025\/07\/Wohnraum_WGB-768x576.jpg 768w, https:\/\/mitdemenzleben.org\/wp-content\/uploads\/2025\/07\/Wohnraum_WGB-1536x1152.jpg 1536w, https:\/\/mitdemenzleben.org\/wp-content\/uploads\/2025\/07\/Wohnraum_WGB-2048x1536.jpg 2048w\" sizes=\"auto, (max-width: 1024px) 100vw, 1024px\" \/><\/figure>\n<\/figure>\n<\/div>\n<\/div>\n<\/div>\n<\/div>\n\n\n\n<p><\/p>\n\n\n\n<p>Wenn Sie weitere Informationen w\u00fcnschen oder sich zu einem Besuch anmelden wollen, schreiben Sie uns gerne unter <a href=\"mailto:info@mitdemenzleben.org\">info@mitdemenzleben.org<\/a>.<\/p>\n","protected":false},"excerpt":{"rendered":"<p>Die Wohngemeinschaft B\u00fcschelstrasse in Darmstadt-Eberstadt ist eine von den Angeh\u00f6rigen gef\u00fchrte, ambulant betreute Wohngemeinschaft (WG) f\u00fcr Menschen, die an Demenz erkrankt sind. In unserer Wohngemeinschaft leben aktuell zehn Menschen. Sie erfahren hier die Geborgenheit eines eigenen Zuhause und gleichzeitig die Geselligkeit einer famili\u00e4ren Gemeinschaft. Kochen, gemeinsam essen und andere allt\u00e4gliche Aktivit\u00e4ten bieten den Bewohner*innen eine&#8230;<\/p>\n","protected":false},"author":1,"featured_media":0,"parent":0,"menu_order":0,"comment_status":"closed","ping_status":"closed","template":"","meta":{"_kadence_starter_templates_imported_post":false,"_kad_post_transparent":"","_kad_post_title":"","_kad_post_layout":"","_kad_post_sidebar_id":"","_kad_post_content_style":"","_kad_post_vertical_padding":"","_kad_post_feature":"","_kad_post_feature_position":"","_kad_post_header":false,"_kad_post_footer":false,"footnotes":""},"class_list":["post-131","page","type-page","status-publish","hentry"],"_links":{"self":[{"href":"https:\/\/mitdemenzleben.org\/index.php\/wp-json\/wp\/v2\/pages\/131","targetHints":{"allow":["GET"]}}],"collection":[{"href":"https:\/\/mitdemenzleben.org\/index.php\/wp-json\/wp\/v2\/pages"}],"about":[{"href":"https:\/\/mitdemenzleben.org\/index.php\/wp-json\/wp\/v2\/types\/page"}],"author":[{"embeddable":true,"href":"https:\/\/mitdemenzleben.org\/index.php\/wp-json\/wp\/v2\/users\/1"}],"replies":[{"embeddable":true,"href":"https:\/\/mitdemenzleben.org\/index.php\/wp-json\/wp\/v2\/comments?post=131"}],"version-history":[{"count":14,"href":"https:\/\/mitdemenzleben.org\/index.php\/wp-json\/wp\/v2\/pages\/131\/revisions"}],"predecessor-version":[{"id":330,"href":"https:\/\/mitdemenzleben.org\/index.php\/wp-json\/wp\/v2\/pages\/131\/revisions\/330"}],"wp:attachment":[{"href":"https:\/\/mitdemenzleben.org\/index.php\/wp-json\/wp\/v2\/media?parent=131"}],"curies":[{"name":"wp","href":"https:\/\/api.w.org\/{rel}","templated":true}]}}