{"id":230,"date":"2024-06-03T15:16:07","date_gmt":"2024-06-03T13:16:07","guid":{"rendered":"https:\/\/mitdemenzleben.org\/wordpress\/?page_id=230"},"modified":"2025-07-13T20:53:16","modified_gmt":"2025-07-13T18:53:16","slug":"impressum2","status":"publish","type":"page","link":"https:\/\/mitdemenzleben.org\/index.php\/impressum2\/","title":{"rendered":"Impressum"},"content":{"rendered":"\n<p>Die Website <a href=\"http:\/\/www.mit-demenz-leben.org\">www.mit-demenz-leben.org<\/a> wird betrieben vom Verein \u201eMit Demenz Leben e.V.\u201c<\/p>\n\n\n\n<h3 class=\"wp-block-heading\">Anschrift:<\/h3>\n\n\n\n<p>Mit Demenz Leben e.V.<br>c\/o Susanne Oehlschl\u00e4ger<br>Im Hirtengrund 2<br>64297 Darmstadt<br><br>Verantwortlich f\u00fcr diese Seite:<br>Susanne Oehlschl\u00e4ger, Vorsitzende des Vereins \u201eMit Demenz Leben e.V.\u201c<\/p>\n\n\n\n<h3 class=\"wp-block-heading\">Haftungsausschluss<\/h3>\n\n\n\n<p>Alle Angaben dieses Webangebots wurden sorgf\u00e4ltig gepr\u00fcft. Der Betreiber dieser Website ist bestrebt, seine Seiten aktuell und inhaltlich richtig anzubieten, kann aber nicht ausschlie\u00dfen, dass Fehler auftreten. Daher kann keine Garantie f\u00fcr die Vollst\u00e4ndigkeit, Richtigkeit und Aktualit\u00e4t der Inhalte \u00fcbernommen werden.<\/p>\n\n\n\n<p>Diese Website enth\u00e4lt \u00fcber externe Links Hinweise auf Websites Dritter. F\u00fcr die Richtigkeit der Inhalte dieser Websites und deren Verf\u00fcgbarkeit \u00fcbernimmt der Betreiber keine Verantwortung. Vorsorglich distanziert sich der Betreiber ausdr\u00fccklich von allen Inhalten, die m\u00f6glicherweise straf- oder haftungsrechtlich relevant sind oder gegen die guten Sitten versto\u00dfen.<\/p>\n","protected":false},"excerpt":{"rendered":"<p>Die Website www.mit-demenz-leben.org wird betrieben vom Verein \u201eMit Demenz Leben e.V.\u201c Anschrift: Mit Demenz Leben e.V.c\/o Susanne Oehlschl\u00e4gerIm Hirtengrund 264297 Darmstadt Verantwortlich f\u00fcr diese Seite:Susanne Oehlschl\u00e4ger, Vorsitzende des Vereins \u201eMit Demenz Leben e.V.\u201c Haftungsausschluss Alle Angaben dieses Webangebots wurden sorgf\u00e4ltig gepr\u00fcft. Der Betreiber dieser Website ist bestrebt, seine Seiten aktuell und inhaltlich richtig anzubieten, kann&#8230;<\/p>\n","protected":false},"author":1,"featured_media":0,"parent":0,"menu_order":0,"comment_status":"closed","ping_status":"closed","template":"","meta":{"_kadence_starter_templates_imported_post":false,"_kad_post_transparent":"","_kad_post_title":"","_kad_post_layout":"","_kad_post_sidebar_id":"","_kad_post_content_style":"","_kad_post_vertical_padding":"","_kad_post_feature":"","_kad_post_feature_position":"","_kad_post_header":false,"_kad_post_footer":false,"footnotes":""},"class_list":["post-230","page","type-page","status-publish","hentry"],"_links":{"self":[{"href":"https:\/\/mitdemenzleben.org\/index.php\/wp-json\/wp\/v2\/pages\/230","targetHints":{"allow":["GET"]}}],"collection":[{"href":"https:\/\/mitdemenzleben.org\/index.php\/wp-json\/wp\/v2\/pages"}],"about":[{"href":"https:\/\/mitdemenzleben.org\/index.php\/wp-json\/wp\/v2\/types\/page"}],"author":[{"embeddable":true,"href":"https:\/\/mitdemenzleben.org\/index.php\/wp-json\/wp\/v2\/users\/1"}],"replies":[{"embeddable":true,"href":"https:\/\/mitdemenzleben.org\/index.php\/wp-json\/wp\/v2\/comments?post=230"}],"version-history":[{"count":3,"href":"https:\/\/mitdemenzleben.org\/index.php\/wp-json\/wp\/v2\/pages\/230\/revisions"}],"predecessor-version":[{"id":329,"href":"https:\/\/mitdemenzleben.org\/index.php\/wp-json\/wp\/v2\/pages\/230\/revisions\/329"}],"wp:attachment":[{"href":"https:\/\/mitdemenzleben.org\/index.php\/wp-json\/wp\/v2\/media?parent=230"}],"curies":[{"name":"wp","href":"https:\/\/api.w.org\/{rel}","templated":true}]}}